{"id":2012,"date":"2025-08-04T12:22:12","date_gmt":"2025-08-04T10:22:12","guid":{"rendered":"https:\/\/synergie-barber.com\/?page_id=2012"},"modified":"2026-01-20T12:53:36","modified_gmt":"2026-01-20T11:53:36","slug":"contact","status":"publish","type":"page","link":"https:\/\/synergie-barber.com\/en\/contact\/","title":{"rendered":"Contact"},"content":{"rendered":"\t\t<div data-elementor-type=\"wp-page\" data-elementor-id=\"2012\" class=\"elementor elementor-2012\" data-elementor-post-type=\"page\">\n\t\t\t\t<div class=\"elementor-element elementor-element-6c65f38 e-flex e-con-boxed e-con e-parent\" data-id=\"6c65f38\" data-element_type=\"container\" data-e-type=\"container\" data-settings=\"{&quot;background_background&quot;:&quot;classic&quot;}\">\n\t\t\t\t\t<div class=\"e-con-inner\">\n\t\t<div class=\"elementor-element elementor-element-931f1e9 e-con-full e-flex e-con e-child\" data-id=\"931f1e9\" data-element_type=\"container\" data-e-type=\"container\">\n\t\t\t\t<div class=\"elementor-element elementor-element-ecf90e2 animated-slow elementor-invisible elementor-widget elementor-widget-heading\" data-id=\"ecf90e2\" data-element_type=\"widget\" data-e-type=\"widget\" data-settings=\"{&quot;_animation&quot;:&quot;fadeInUp&quot;}\" data-widget_type=\"heading.default\">\n\t\t\t\t<div class=\"elementor-widget-container\">\n\t\t\t\t\t<span class=\"elementor-heading-title elementor-size-default\">contact<\/span>\t\t\t\t<\/div>\n\t\t\t\t<\/div>\n\t\t\t\t<\/div>\n\t\t\t\t\t<\/div>\n\t\t\t\t<\/div>\n\t\t<div class=\"elementor-element elementor-element-5e2d21a e-flex e-con-boxed e-con e-parent\" data-id=\"5e2d21a\" data-element_type=\"container\" data-e-type=\"container\">\n\t\t\t\t\t<div class=\"e-con-inner\">\n\t\t\t\t<div class=\"elementor-element elementor-element-b61fd66 elementor-widget__width-inherit elementor-widget elementor-widget-heading\" data-id=\"b61fd66\" data-element_type=\"widget\" data-e-type=\"widget\" data-widget_type=\"heading.default\">\n\t\t\t\t<div class=\"elementor-widget-container\">\n\t\t\t\t\t<h3 class=\"elementor-heading-title elementor-size-default\">Contactez Synergie Barber<\/h3>\t\t\t\t<\/div>\n\t\t\t\t<\/div>\n\t\t\t\t<div class=\"elementor-element elementor-element-02d46ed elementor-widget__width-inherit elementor-widget elementor-widget-text-editor\" data-id=\"02d46ed\" data-element_type=\"widget\" data-e-type=\"widget\" data-widget_type=\"text-editor.default\">\n\t\t\t\t<div class=\"elementor-widget-container\">\n\t\t\t\t\t\t\t\t\t<p class=\"MsoNormal\">Besoin d\u2019une coupe ou d\u2019un soin personnalis\u00e9 ? Envie de prendre rendez-vous chez votre barbier pr\u00e9f\u00e9r\u00e9 ? Notre \u00e9quipe est l\u00e0 pour vous r\u00e9pondre rapidement.<\/p>\t\t\t\t\t\t\t\t<\/div>\n\t\t\t\t<\/div>\n\t\t\t\t<div class=\"elementor-element elementor-element-16f4890 elementor-widget__width-initial elementor-widget elementor-widget-wpforms\" data-id=\"16f4890\" data-element_type=\"widget\" data-e-type=\"widget\" data-widget_type=\"wpforms.default\">\n\t\t\t\t<div class=\"elementor-widget-container\">\n\t\t\t\t\t<style id=\"wpforms-css-vars-elementor-widget-16f4890\">\n\t\t\t\t.elementor-widget-wpforms.elementor-element-16f4890 {\n\t\t\t\t--wpforms-field-border-color: #000000;\n--wpforms-field-border-color-spare: #000000;\n--wpforms-field-text-color: #000000B8;\n--wpforms-button-background-color: #000000;\n\t\t\t}\n\t\t\t<\/style><div class=\"wpforms-container wpforms-container-full wpforms-render-modern\" id=\"wpforms-2009\"><form id=\"wpforms-form-2009\" class=\"wpforms-validate wpforms-form wpforms-ajax-form\" data-formid=\"2009\" method=\"post\" enctype=\"multipart\/form-data\" action=\"\/en\/wp-json\/wp\/v2\/pages\/2012\" data-token=\"f99a6fc1ed9050cb9bf96e8c4716a1c3\" data-token-time=\"1776867293\"><noscript class=\"wpforms-error-noscript\">Please enable JavaScript in your browser to complete this form.<\/noscript><div id=\"wpforms-error-noscript\" style=\"display: none;\">Please enable JavaScript in your browser to complete this form.<\/div><div class=\"wpforms-field-container\"><div id=\"wpforms-2009-field_1-container\" class=\"wpforms-field wpforms-field-name\" data-field-id=\"1\"><fieldset><legend class=\"wpforms-field-label\">Nom <span class=\"wpforms-required-label\" aria-hidden=\"true\">*<\/span><\/legend><div class=\"wpforms-field-row wpforms-field-large\"><div class=\"wpforms-field-row-block wpforms-first wpforms-one-half\"><input type=\"text\" id=\"wpforms-2009-field_1\" class=\"wpforms-field-name-first wpforms-field-required\" name=\"wpforms[fields][1][first]\" aria-errormessage=\"wpforms-2009-field_1-error\" required><label for=\"wpforms-2009-field_1\" class=\"wpforms-field-sublabel after\">First<\/label><\/div><div class=\"wpforms-field-row-block wpforms-one-half\"><input type=\"text\" id=\"wpforms-2009-field_1-last\" class=\"wpforms-field-name-last wpforms-field-required\" name=\"wpforms[fields][1][last]\" aria-errormessage=\"wpforms-2009-field_1-last-error\" required><label for=\"wpforms-2009-field_1-last\" class=\"wpforms-field-sublabel after\">Last<\/label><\/div><\/div><\/fieldset><\/div>\t\t<div id=\"wpforms-2009-field_4-container\"\n\t\t\tclass=\"wpforms-field wpforms-field-text\"\n\t\t\tdata-field-type=\"text\"\n\t\t\tdata-field-id=\"4\"\n\t\t\t>\n\t\t\t<label class=\"wpforms-field-label\" for=\"wpforms-2009-field_4\" >Commentaire ou Nom<\/label>\n\t\t\t<input type=\"text\" id=\"wpforms-2009-field_4\" class=\"wpforms-field-medium\" name=\"wpforms[fields][4]\" >\n\t\t<\/div>\n\t\t<div id=\"wpforms-2009-field_2-container\" class=\"wpforms-field wpforms-field-email\" data-field-id=\"2\"><label class=\"wpforms-field-label\" for=\"wpforms-2009-field_2\">E-mail <span class=\"wpforms-required-label\" aria-hidden=\"true\">*<\/span><\/label><input type=\"email\" id=\"wpforms-2009-field_2\" class=\"wpforms-field-large wpforms-field-required\" name=\"wpforms[fields][2]\" spellcheck=\"false\" aria-errormessage=\"wpforms-2009-field_2-error\" required><\/div><div id=\"wpforms-2009-field_3-container\" class=\"wpforms-field wpforms-field-textarea\" data-field-id=\"3\"><label class=\"wpforms-field-label\" for=\"wpforms-2009-field_3\">Commentaire ou message<\/label><textarea id=\"wpforms-2009-field_3\" class=\"wpforms-field-medium\" name=\"wpforms[fields][3]\" aria-errormessage=\"wpforms-2009-field_3-error\" ><\/textarea><\/div><script>\n\t\t\t\t( function() {\n\t\t\t\t\tconst style = document.createElement( 'style' );\n\t\t\t\t\tstyle.appendChild( document.createTextNode( '#wpforms-2009-field_4-container { position: absolute !important; overflow: hidden !important; display: inline !important; height: 1px !important; width: 1px !important; z-index: -1000 !important; padding: 0 !important; } #wpforms-2009-field_4-container input { visibility: hidden; } #wpforms-conversational-form-page #wpforms-2009-field_4-container label { counter-increment: none; }' ) );\n\t\t\t\t\tdocument.head.appendChild( style );\n\t\t\t\t\tdocument.currentScript?.remove();\n\t\t\t\t} )();\n\t\t\t<\/script><\/div><!-- .wpforms-field-container --><div class=\"wpforms-submit-container\" ><input type=\"hidden\" name=\"wpforms[id]\" value=\"2009\"><input type=\"hidden\" name=\"page_title\" value=\"\"><input type=\"hidden\" name=\"page_url\" value=\"https:\/\/synergie-barber.com\/en\/wp-json\/wp\/v2\/pages\/2012\"><input type=\"hidden\" name=\"url_referer\" value=\"\"><button type=\"submit\" name=\"wpforms[submit]\" id=\"wpforms-submit-2009\" class=\"wpforms-submit\" data-alt-text=\"Envoi...\" data-submit-text=\"Envoyer\" aria-live=\"assertive\" value=\"wpforms-submit\">Envoyer<\/button><img decoding=\"async\" src=\"https:\/\/synergie-barber.com\/wp-content\/plugins\/wpforms-lite\/assets\/images\/submit-spin.svg\" class=\"wpforms-submit-spinner\" style=\"display: none;\" width=\"26\" height=\"26\" alt=\"Loading\"><\/div><\/form><\/div>  <!-- .wpforms-container -->\t\t\t\t<\/div>\n\t\t\t\t<\/div>\n\t\t\t\t\t<\/div>\n\t\t\t\t<\/div>\n\t\t\t\t<\/div>\n\t\t","protected":false},"excerpt":{"rendered":"<p>contact Contactez Synergie Barber Besoin d\u2019une coupe ou d\u2019un soin personnalis\u00e9 ? Envie de prendre rendez-vous chez votre barbier pr\u00e9f\u00e9r\u00e9 ? Notre \u00e9quipe est l\u00e0 pour vous r\u00e9pondre rapidement. Veuillez activer JavaScript dans votre navigateur pour remplir ce formulaire.Veuillez activer JavaScript dans votre navigateur pour remplir ce formulaire. Nom * Pr\u00e9nomNom E-mail *Commentaire ou message &hellip; <\/p>\n<p class=\"link-more\"><a href=\"https:\/\/synergie-barber.com\/en\/contact\/\" class=\"more-link\">Continue reading<span class=\"screen-reader-text\"> \u00ab\u00a0Contact\u00a0\u00bb<\/span><\/a><\/p>","protected":false},"author":243510180,"featured_media":0,"parent":0,"menu_order":0,"comment_status":"closed","ping_status":"closed","template":"elementor_header_footer","meta":{"_crdt_document":"","footnotes":""},"class_list":["post-2012","page","type-page","status-publish","hentry","entry"],"yoast_head":"<!-- This site is optimized with the Yoast SEO plugin v27.4 - https:\/\/yoast.com\/product\/yoast-seo-wordpress\/ -->\n<title>Contact | Prendre rendez-vous chez Synergie Barber<\/title>\n<meta name=\"description\" content=\"Besoin d&#039;une coupe ? Contactez Synergie Barber pour prendre rendez-vous. R\u00e9ponse rapide par t\u00e9l\u00e9phone, email ou formulaire.\" \/>\n<meta name=\"robots\" content=\"index, follow, max-snippet:-1, max-image-preview:large, max-video-preview:-1\" \/>\n<link rel=\"canonical\" href=\"https:\/\/synergie-barber.com\/en\/contact\/\" \/>\n<meta property=\"og:locale\" content=\"en_US\" \/>\n<meta property=\"og:type\" content=\"article\" \/>\n<meta property=\"og:title\" content=\"Contact | Prendre rendez-vous chez Synergie Barber\" \/>\n<meta property=\"og:description\" content=\"Besoin d&#039;une coupe ? Contactez Synergie Barber pour prendre rendez-vous. R\u00e9ponse rapide par t\u00e9l\u00e9phone, email ou formulaire.\" \/>\n<meta property=\"og:url\" content=\"https:\/\/synergie-barber.com\/en\/contact\/\" \/>\n<meta property=\"og:site_name\" content=\"Synergie Barber\" \/>\n<meta property=\"article:modified_time\" content=\"2026-01-20T11:53:36+00:00\" \/>\n<meta property=\"og:image\" content=\"https:\/\/synergie-barber.com\/wp-content\/plugins\/wpforms-lite\/assets\/images\/submit-spin.svg\" \/>\n<meta name=\"twitter:card\" content=\"summary_large_image\" \/>\n<meta name=\"twitter:label1\" content=\"Est. reading time\" \/>\n\t<meta name=\"twitter:data1\" content=\"1 minute\" \/>\n<script type=\"application\/ld+json\" class=\"yoast-schema-graph\">{\"@context\":\"https:\\\/\\\/schema.org\",\"@graph\":[{\"@type\":\"WebPage\",\"@id\":\"https:\\\/\\\/synergie-barber.com\\\/contact\\\/\",\"url\":\"https:\\\/\\\/synergie-barber.com\\\/contact\\\/\",\"name\":\"Contact | Prendre rendez-vous chez Synergie Barber\",\"isPartOf\":{\"@id\":\"https:\\\/\\\/synergie-barber.com\\\/#website\"},\"primaryImageOfPage\":{\"@id\":\"https:\\\/\\\/synergie-barber.com\\\/contact\\\/#primaryimage\"},\"image\":{\"@id\":\"https:\\\/\\\/synergie-barber.com\\\/contact\\\/#primaryimage\"},\"thumbnailUrl\":\"https:\\\/\\\/synergie-barber.com\\\/wp-content\\\/plugins\\\/wpforms-lite\\\/assets\\\/images\\\/submit-spin.svg\",\"datePublished\":\"2025-08-04T10:22:12+00:00\",\"dateModified\":\"2026-01-20T11:53:36+00:00\",\"description\":\"Besoin d'une coupe ? Contactez Synergie Barber pour prendre rendez-vous. R\u00e9ponse rapide par t\u00e9l\u00e9phone, email ou formulaire.\",\"breadcrumb\":{\"@id\":\"https:\\\/\\\/synergie-barber.com\\\/contact\\\/#breadcrumb\"},\"inLanguage\":\"en-US\",\"potentialAction\":[{\"@type\":\"ReadAction\",\"target\":[\"https:\\\/\\\/synergie-barber.com\\\/contact\\\/\"]}]},{\"@type\":\"ImageObject\",\"inLanguage\":\"en-US\",\"@id\":\"https:\\\/\\\/synergie-barber.com\\\/contact\\\/#primaryimage\",\"url\":\"https:\\\/\\\/synergie-barber.com\\\/wp-content\\\/plugins\\\/wpforms-lite\\\/assets\\\/images\\\/submit-spin.svg\",\"contentUrl\":\"https:\\\/\\\/synergie-barber.com\\\/wp-content\\\/plugins\\\/wpforms-lite\\\/assets\\\/images\\\/submit-spin.svg\"},{\"@type\":\"BreadcrumbList\",\"@id\":\"https:\\\/\\\/synergie-barber.com\\\/contact\\\/#breadcrumb\",\"itemListElement\":[{\"@type\":\"ListItem\",\"position\":1,\"name\":\"Accueil\",\"item\":\"https:\\\/\\\/synergie-barber.com\\\/\"},{\"@type\":\"ListItem\",\"position\":2,\"name\":\"Contact\"}]},{\"@type\":\"WebSite\",\"@id\":\"https:\\\/\\\/synergie-barber.com\\\/#website\",\"url\":\"https:\\\/\\\/synergie-barber.com\\\/\",\"name\":\"Synergie Barber\",\"description\":\"\",\"publisher\":{\"@id\":\"https:\\\/\\\/synergie-barber.com\\\/#organization\"},\"potentialAction\":[{\"@type\":\"SearchAction\",\"target\":{\"@type\":\"EntryPoint\",\"urlTemplate\":\"https:\\\/\\\/synergie-barber.com\\\/?s={search_term_string}\"},\"query-input\":{\"@type\":\"PropertyValueSpecification\",\"valueRequired\":true,\"valueName\":\"search_term_string\"}}],\"inLanguage\":\"en-US\"},{\"@type\":\"Organization\",\"@id\":\"https:\\\/\\\/synergie-barber.com\\\/#organization\",\"name\":\"Synergie Barber\",\"url\":\"https:\\\/\\\/synergie-barber.com\\\/\",\"logo\":{\"@type\":\"ImageObject\",\"inLanguage\":\"en-US\",\"@id\":\"https:\\\/\\\/synergie-barber.com\\\/#\\\/schema\\\/logo\\\/image\\\/\",\"url\":\"https:\\\/\\\/i0.wp.com\\\/synergie-barber.com\\\/wp-content\\\/uploads\\\/2023\\\/12\\\/SB-logo.png?fit=839%2C838&ssl=1\",\"contentUrl\":\"https:\\\/\\\/i0.wp.com\\\/synergie-barber.com\\\/wp-content\\\/uploads\\\/2023\\\/12\\\/SB-logo.png?fit=839%2C838&ssl=1\",\"width\":839,\"height\":838,\"caption\":\"Synergie Barber\"},\"image\":{\"@id\":\"https:\\\/\\\/synergie-barber.com\\\/#\\\/schema\\\/logo\\\/image\\\/\"}}]}<\/script>\n<!-- \/ Yoast SEO plugin. -->","yoast_head_json":{"title":"Contact | Prendre rendez-vous chez Synergie Barber","description":"Besoin d'une coupe ? Contactez Synergie Barber pour prendre rendez-vous. R\u00e9ponse rapide par t\u00e9l\u00e9phone, email ou formulaire.","robots":{"index":"index","follow":"follow","max-snippet":"max-snippet:-1","max-image-preview":"max-image-preview:large","max-video-preview":"max-video-preview:-1"},"canonical":"https:\/\/synergie-barber.com\/en\/contact\/","og_locale":"en_US","og_type":"article","og_title":"Contact | Prendre rendez-vous chez Synergie Barber","og_description":"Besoin d'une coupe ? Contactez Synergie Barber pour prendre rendez-vous. R\u00e9ponse rapide par t\u00e9l\u00e9phone, email ou formulaire.","og_url":"https:\/\/synergie-barber.com\/en\/contact\/","og_site_name":"Synergie Barber","article_modified_time":"2026-01-20T11:53:36+00:00","og_image":[{"url":"https:\/\/synergie-barber.com\/wp-content\/plugins\/wpforms-lite\/assets\/images\/submit-spin.svg","type":"","width":"","height":""}],"twitter_card":"summary_large_image","twitter_misc":{"Est. reading time":"1 minute"},"schema":{"@context":"https:\/\/schema.org","@graph":[{"@type":"WebPage","@id":"https:\/\/synergie-barber.com\/contact\/","url":"https:\/\/synergie-barber.com\/contact\/","name":"Contact | Prendre rendez-vous chez Synergie Barber","isPartOf":{"@id":"https:\/\/synergie-barber.com\/#website"},"primaryImageOfPage":{"@id":"https:\/\/synergie-barber.com\/contact\/#primaryimage"},"image":{"@id":"https:\/\/synergie-barber.com\/contact\/#primaryimage"},"thumbnailUrl":"https:\/\/synergie-barber.com\/wp-content\/plugins\/wpforms-lite\/assets\/images\/submit-spin.svg","datePublished":"2025-08-04T10:22:12+00:00","dateModified":"2026-01-20T11:53:36+00:00","description":"Besoin d'une coupe ? Contactez Synergie Barber pour prendre rendez-vous. R\u00e9ponse rapide par t\u00e9l\u00e9phone, email ou formulaire.","breadcrumb":{"@id":"https:\/\/synergie-barber.com\/contact\/#breadcrumb"},"inLanguage":"en-US","potentialAction":[{"@type":"ReadAction","target":["https:\/\/synergie-barber.com\/contact\/"]}]},{"@type":"ImageObject","inLanguage":"en-US","@id":"https:\/\/synergie-barber.com\/contact\/#primaryimage","url":"https:\/\/synergie-barber.com\/wp-content\/plugins\/wpforms-lite\/assets\/images\/submit-spin.svg","contentUrl":"https:\/\/synergie-barber.com\/wp-content\/plugins\/wpforms-lite\/assets\/images\/submit-spin.svg"},{"@type":"BreadcrumbList","@id":"https:\/\/synergie-barber.com\/contact\/#breadcrumb","itemListElement":[{"@type":"ListItem","position":1,"name":"Accueil","item":"https:\/\/synergie-barber.com\/"},{"@type":"ListItem","position":2,"name":"Contact"}]},{"@type":"WebSite","@id":"https:\/\/synergie-barber.com\/#website","url":"https:\/\/synergie-barber.com\/","name":"Synergie Barber","description":"","publisher":{"@id":"https:\/\/synergie-barber.com\/#organization"},"potentialAction":[{"@type":"SearchAction","target":{"@type":"EntryPoint","urlTemplate":"https:\/\/synergie-barber.com\/?s={search_term_string}"},"query-input":{"@type":"PropertyValueSpecification","valueRequired":true,"valueName":"search_term_string"}}],"inLanguage":"en-US"},{"@type":"Organization","@id":"https:\/\/synergie-barber.com\/#organization","name":"Synergie Barber","url":"https:\/\/synergie-barber.com\/","logo":{"@type":"ImageObject","inLanguage":"en-US","@id":"https:\/\/synergie-barber.com\/#\/schema\/logo\/image\/","url":"https:\/\/i0.wp.com\/synergie-barber.com\/wp-content\/uploads\/2023\/12\/SB-logo.png?fit=839%2C838&ssl=1","contentUrl":"https:\/\/i0.wp.com\/synergie-barber.com\/wp-content\/uploads\/2023\/12\/SB-logo.png?fit=839%2C838&ssl=1","width":839,"height":838,"caption":"Synergie Barber"},"image":{"@id":"https:\/\/synergie-barber.com\/#\/schema\/logo\/image\/"}}]}},"jetpack_shortlink":"https:\/\/wp.me\/Pfl13v-ws","jetpack_sharing_enabled":true,"_links":{"self":[{"href":"https:\/\/synergie-barber.com\/en\/wp-json\/wp\/v2\/pages\/2012","targetHints":{"allow":["GET"]}}],"collection":[{"href":"https:\/\/synergie-barber.com\/en\/wp-json\/wp\/v2\/pages"}],"about":[{"href":"https:\/\/synergie-barber.com\/en\/wp-json\/wp\/v2\/types\/page"}],"author":[{"embeddable":true,"href":"https:\/\/synergie-barber.com\/en\/wp-json\/wp\/v2\/users\/243510180"}],"replies":[{"embeddable":true,"href":"https:\/\/synergie-barber.com\/en\/wp-json\/wp\/v2\/comments?post=2012"}],"version-history":[{"count":86,"href":"https:\/\/synergie-barber.com\/en\/wp-json\/wp\/v2\/pages\/2012\/revisions"}],"predecessor-version":[{"id":3723,"href":"https:\/\/synergie-barber.com\/en\/wp-json\/wp\/v2\/pages\/2012\/revisions\/3723"}],"wp:attachment":[{"href":"https:\/\/synergie-barber.com\/en\/wp-json\/wp\/v2\/media?parent=2012"}],"curies":[{"name":"wp","href":"https:\/\/api.w.org\/{rel}","templated":true}]}}